{"id":1994,"date":"2025-06-24T18:09:52","date_gmt":"2025-06-24T18:09:52","guid":{"rendered":"https:\/\/herorage.com\/our-story\/"},"modified":"2025-06-27T15:26:57","modified_gmt":"2025-06-27T15:26:57","slug":"our-story","status":"publish","type":"page","link":"https:\/\/herorage.com\/?page_id=1994","title":{"rendered":"Our Story"},"content":{"rendered":"\t\t<div data-elementor-type=\"wp-page\" data-elementor-id=\"1994\" class=\"elementor elementor-1994\">\n\t\t\t\t<div class=\"elementor-element elementor-element-47a8853c e-con-full e-flex e-con e-parent\" data-id=\"47a8853c\" data-element_type=\"container\">\n\t\t<div class=\"elementor-element elementor-element-17565af1 e-con-full e-flex e-con e-child\" data-id=\"17565af1\" data-element_type=\"container\" data-settings=\"{&quot;background_background&quot;:&quot;classic&quot;}\">\n\t\t\t\t<\/div>\n\t\t<div class=\"elementor-element elementor-element-8734fb e-con-full e-flex e-con e-child\" data-id=\"8734fb\" data-element_type=\"container\">\n\t\t\t\t<div class=\"elementor-element elementor-element-3fd0410 elementor-widget elementor-widget-heading\" data-id=\"3fd0410\" data-element_type=\"widget\" data-widget_type=\"heading.default\">\n\t\t\t\t<div class=\"elementor-widget-container\">\n\t\t\t\t\t<h1 class=\"elementor-heading-title elementor-size-default\">Nossa Hist\u00f3ria<\/h1>\t\t\t\t<\/div>\n\t\t\t\t<\/div>\n\t\t\t\t<div class=\"elementor-element elementor-element-662ba29b elementor-invisible elementor-widget elementor-widget-text-editor\" data-id=\"662ba29b\" data-element_type=\"widget\" data-settings=\"{&quot;_animation&quot;:&quot;fadeIn&quot;,&quot;_animation_delay&quot;:400}\" data-widget_type=\"text-editor.default\">\n\t\t\t\t<div class=\"elementor-widget-container\">\n\t\t\t\t\t\t\t\t\t<p>Sou gamer Como muitos de voc\u00eas, sempre adorei mergulhar em mundos virtuais, escapar da realidade, enfrentar desafios, criar lendas.<\/p><p>Mas por tr\u00e1s de toda essa paix\u00e3o, havia algo que me atormentava constantemente: FPS baixo, quebras de imagem e quebras de desempenho que arruinavam por completo a minha experi\u00eancia.Culpava tudo: a minha placa gr\u00e1fica, as defini\u00e7\u00f5es do jogo, o aquecimento do processador\u2026 tudo, menos o verdadeiro culpado, aquele em que nunca pensei: o navegador.<\/p><p>Sim, aquele navegador que deixava sempre aberto em segundo plano, com m\u00fasica a tocar, conversas a decorrer, v\u00eddeos a passar\u2026<\/p><p>Nunca imaginei que estivesse a consumir, em sil\u00eancio, a minha RAM e o meu processador, mesmo enquanto jogava.<\/p><p>Um ladr\u00e3o oculto, a drenar recursos preciosos e a deixar os meus jogos a arrastar-se.<\/p><p>Depois de muito sofrimento, comecei a investigar a s\u00e9rio.<\/p><p>Testei v\u00e1rias solu\u00e7\u00f5es, li f\u00f3runs, vi v\u00eddeos, tentei de tudo\u00a0 mas nada resolvia de verdade\u2026 at\u00e9 que descobri um nome que surgia vezes sem conta entre gamers: Opera GX.<\/p><p>\u201cEspera l\u00e1\u2026 um navegador feito para gamers? Parece treta de marketing barato\u201d, pensei.<\/p><p style=\"padding-left: 40px;\">Mas decidi experimentar. E sinceramente? Foi das melhores decis\u00f5es que tomei <em>enquanto<\/em> gamer.<\/p>\t\t\t\t\t\t\t\t<\/div>\n\t\t\t\t<\/div>\n\t\t\t\t<\/div>\n\t\t\t\t<\/div>\n\t\t<div class=\"elementor-element elementor-element-27e5f93 e-flex e-con-boxed e-con e-parent\" data-id=\"27e5f93\" data-element_type=\"container\">\n\t\t\t\t\t<div class=\"e-con-inner\">\n\t\t\t\t<div class=\"elementor-element elementor-element-b1d7186 elementor-widget elementor-widget-heading\" data-id=\"b1d7186\" data-element_type=\"widget\" data-widget_type=\"heading.default\">\n\t\t\t\t<div class=\"elementor-widget-container\">\n\t\t\t\t\t<h2 class=\"elementor-heading-title elementor-size-default\">Por que estou contando isso?<\/h2>\t\t\t\t<\/div>\n\t\t\t\t<\/div>\n\t\t\t\t\t<\/div>\n\t\t\t\t<\/div>\n\t\t<div class=\"elementor-element elementor-element-243b162b e-con-full e-flex e-con e-parent\" data-id=\"243b162b\" data-element_type=\"container\">\n\t\t<div class=\"elementor-element elementor-element-46fd6c19 e-con-full e-flex e-con e-child\" data-id=\"46fd6c19\" data-element_type=\"container\">\n\t\t\t\t<div class=\"elementor-element elementor-element-642346c5 elementor-widget elementor-widget-heading\" data-id=\"642346c5\" data-element_type=\"widget\" data-widget_type=\"heading.default\">\n\t\t\t\t<div class=\"elementor-widget-container\">\n\t\t\t\t\t<h2 class=\"elementor-heading-title elementor-size-default\">Nossa Miss\u00e3o <\/h2>\t\t\t\t<\/div>\n\t\t\t\t<\/div>\n\t\t\t\t<div class=\"elementor-element elementor-element-14575f6a elementor-widget__width-auto elementor-widget-mobile__width-inherit elementor-widget elementor-widget-text-editor\" data-id=\"14575f6a\" data-element_type=\"widget\" data-widget_type=\"text-editor.default\">\n\t\t\t\t<div class=\"elementor-widget-container\">\n\t\t\t\t\t\t\t\t\t<p>A paragraph describing your company&#8217;s goals or mission statement. This section is meant to help visitors understand the purpose of your business.<\/p><p>N\u00e3o escrevo isto porque algu\u00e9m me pediu.<br \/>Escrevo porque sei o qu\u00e3o frustrante \u00e9 amar os videojogos e n\u00e3o os conseguir desfrutar por causa de problemas \u201cinvis\u00edveis\u201d.<\/p><p>A minha jornada foi longa, cheia de testes e desilus\u00f5es.<br \/>Mas agora estou aqui, a partilhar a minha experi\u00eancia para que tu n\u00e3o tenhas de passar pelo mesmo.<\/p><p>D\u00e1 uma oportunidade ao Opera GX.<br \/>N\u00e3o deixes que um ladr\u00e3o oculto roube a tua performance sem que d\u00eas por isso.<\/p>\t\t\t\t\t\t\t\t<\/div>\n\t\t\t\t<\/div>\n\t\t\t\t<\/div>\n\t\t<div class=\"elementor-element elementor-element-e1c9ce9 e-con-full e-flex e-con e-child\" data-id=\"e1c9ce9\" data-element_type=\"container\" data-settings=\"{&quot;background_background&quot;:&quot;classic&quot;}\">\n\t\t\t\t<\/div>\n\t\t\t\t<\/div>\n\t\t\t\t<\/div>\n\t\t","protected":false},"excerpt":{"rendered":"<p>Nossa Hist\u00f3ria Sou gamer Como muitos de voc\u00eas, sempre adorei mergulhar em mundos virtuais, escapar da realidade, enfrentar desafios, criar lendas. Mas por tr\u00e1s de toda essa paix\u00e3o, havia algo que me atormentava constantemente: FPS baixo, quebras de imagem e quebras de desempenho que arruinavam por completo a minha experi\u00eancia.Culpava tudo: a minha placa gr\u00e1fica, [&hellip;]<\/p>\n","protected":false},"author":1,"featured_media":0,"parent":0,"menu_order":0,"comment_status":"closed","ping_status":"closed","template":"elementor_header_footer","meta":{"_uag_custom_page_level_css":"","_monsterinsights_skip_tracking":false,"_monsterinsights_sitenote_active":false,"_monsterinsights_sitenote_note":"","_monsterinsights_sitenote_category":0,"site-sidebar-layout":"default","site-content-layout":"","ast-site-content-layout":"default","site-content-style":"default","site-sidebar-style":"default","ast-global-header-display":"","ast-banner-title-visibility":"","ast-main-header-display":"","ast-hfb-above-header-display":"","ast-hfb-below-header-display":"","ast-hfb-mobile-header-display":"","site-post-title":"","ast-breadcrumbs-content":"","ast-featured-img":"","footer-sml-layout":"","theme-transparent-header-meta":"default","adv-header-id-meta":"","stick-header-meta":"","header-above-stick-meta":"","header-main-stick-meta":"","header-below-stick-meta":"","astra-migrate-meta-layouts":"set","ast-page-background-enabled":"default","ast-page-background-meta":{"desktop":{"background-color":"","background-image":"","background-repeat":"repeat","background-position":"center center","background-size":"auto","background-attachment":"scroll","background-type":"","background-media":"","overlay-type":"","overlay-color":"","overlay-opacity":"","overlay-gradient":""},"tablet":{"background-color":"","background-image":"","background-repeat":"repeat","background-position":"center center","background-size":"auto","background-attachment":"scroll","background-type":"","background-media":"","overlay-type":"","overlay-color":"","overlay-opacity":"","overlay-gradient":""},"mobile":{"background-color":"","background-image":"","background-repeat":"repeat","background-position":"center center","background-size":"auto","background-attachment":"scroll","background-type":"","background-media":"","overlay-type":"","overlay-color":"","overlay-opacity":"","overlay-gradient":""}},"ast-content-background-meta":{"desktop":{"background-color":"var(--ast-global-color-5)","background-image":"","background-repeat":"repeat","background-position":"center center","background-size":"auto","background-attachment":"scroll","background-type":"","background-media":"","overlay-type":"","overlay-color":"","overlay-opacity":"","overlay-gradient":""},"tablet":{"background-color":"var(--ast-global-color-5)","background-image":"","background-repeat":"repeat","background-position":"center center","background-size":"auto","background-attachment":"scroll","background-type":"","background-media":"","overlay-type":"","overlay-color":"","overlay-opacity":"","overlay-gradient":""},"mobile":{"background-color":"var(--ast-global-color-5)","background-image":"","background-repeat":"repeat","background-position":"center center","background-size":"auto","background-attachment":"scroll","background-type":"","background-media":"","overlay-type":"","overlay-color":"","overlay-opacity":"","overlay-gradient":""}},"two_page_speed":{"previous_score":{"desktop_score":91,"desktop_tti":"1.3\u00a0","mobile_score":74,"mobile_tti":"5.7\u00a0","date":"29.06.2025 04:38:01 pm","status":"completed"},"current_score":{"status":"error_no_score"}},"footnotes":""},"class_list":["post-1994","page","type-page","status-publish","hentry"],"yoast_head":"<!-- This site is optimized with the Yoast SEO plugin v25.7 - https:\/\/yoast.com\/wordpress\/plugins\/seo\/ -->\n<title>Our Story - herorage.com<\/title>\n<meta name=\"robots\" content=\"index, follow, max-snippet:-1, max-image-preview:large, max-video-preview:-1\" \/>\n<link rel=\"canonical\" href=\"https:\/\/herorage.com\/?page_id=1994\" \/>\n<meta property=\"og:locale\" content=\"en_US\" \/>\n<meta property=\"og:type\" content=\"article\" \/>\n<meta property=\"og:title\" content=\"Our Story - herorage.com\" \/>\n<meta property=\"og:description\" content=\"Nossa Hist\u00f3ria Sou gamer Como muitos de voc\u00eas, sempre adorei mergulhar em mundos virtuais, escapar da realidade, enfrentar desafios, criar lendas. Mas por tr\u00e1s de toda essa paix\u00e3o, havia algo que me atormentava constantemente: FPS baixo, quebras de imagem e quebras de desempenho que arruinavam por completo a minha experi\u00eancia.Culpava tudo: a minha placa gr\u00e1fica, [&hellip;]\" \/>\n<meta property=\"og:url\" content=\"https:\/\/herorage.com\/?page_id=1994\" \/>\n<meta property=\"og:site_name\" content=\"herorage.com\" \/>\n<meta property=\"article:modified_time\" content=\"2025-06-27T15:26:57+00:00\" \/>\n<meta name=\"twitter:card\" content=\"summary_large_image\" \/>\n<meta name=\"twitter:label1\" content=\"Est. reading time\" \/>\n\t<meta name=\"twitter:data1\" content=\"2 minutes\" \/>\n<script type=\"application\/ld+json\" class=\"yoast-schema-graph\">{\"@context\":\"https:\/\/schema.org\",\"@graph\":[{\"@type\":\"WebPage\",\"@id\":\"https:\/\/herorage.com\/?page_id=1994\",\"url\":\"https:\/\/herorage.com\/?page_id=1994\",\"name\":\"Our Story - herorage.com\",\"isPartOf\":{\"@id\":\"https:\/\/herorage.com\/#website\"},\"datePublished\":\"2025-06-24T18:09:52+00:00\",\"dateModified\":\"2025-06-27T15:26:57+00:00\",\"breadcrumb\":{\"@id\":\"https:\/\/herorage.com\/?page_id=1994#breadcrumb\"},\"inLanguage\":\"en-US\",\"potentialAction\":[{\"@type\":\"ReadAction\",\"target\":[\"https:\/\/herorage.com\/?page_id=1994\"]}]},{\"@type\":\"BreadcrumbList\",\"@id\":\"https:\/\/herorage.com\/?page_id=1994#breadcrumb\",\"itemListElement\":[{\"@type\":\"ListItem\",\"position\":1,\"name\":\"Home\",\"item\":\"https:\/\/herorage.com\/\"},{\"@type\":\"ListItem\",\"position\":2,\"name\":\"Our Story\"}]},{\"@type\":\"WebSite\",\"@id\":\"https:\/\/herorage.com\/#website\",\"url\":\"https:\/\/herorage.com\/\",\"name\":\"herorage.com\",\"description\":\"\",\"publisher\":{\"@id\":\"https:\/\/herorage.com\/#organization\"},\"potentialAction\":[{\"@type\":\"SearchAction\",\"target\":{\"@type\":\"EntryPoint\",\"urlTemplate\":\"https:\/\/herorage.com\/?s={search_term_string}\"},\"query-input\":{\"@type\":\"PropertyValueSpecification\",\"valueRequired\":true,\"valueName\":\"search_term_string\"}}],\"inLanguage\":\"en-US\"},{\"@type\":\"Organization\",\"@id\":\"https:\/\/herorage.com\/#organization\",\"name\":\"herorage.com\",\"url\":\"https:\/\/herorage.com\/\",\"logo\":{\"@type\":\"ImageObject\",\"inLanguage\":\"en-US\",\"@id\":\"https:\/\/herorage.com\/#\/schema\/logo\/image\/\",\"url\":\"https:\/\/herorage.com\/wp-content\/uploads\/2025\/06\/cropped-Incudrac_20250621_174847_0000-1-e1750874384475-1.png\",\"contentUrl\":\"https:\/\/herorage.com\/wp-content\/uploads\/2025\/06\/cropped-Incudrac_20250621_174847_0000-1-e1750874384475-1.png\",\"width\":1269,\"height\":502,\"caption\":\"herorage.com\"},\"image\":{\"@id\":\"https:\/\/herorage.com\/#\/schema\/logo\/image\/\"}}]}<\/script>\n<!-- \/ Yoast SEO plugin. -->","yoast_head_json":{"title":"Our Story - herorage.com","robots":{"index":"index","follow":"follow","max-snippet":"max-snippet:-1","max-image-preview":"max-image-preview:large","max-video-preview":"max-video-preview:-1"},"canonical":"https:\/\/herorage.com\/?page_id=1994","og_locale":"en_US","og_type":"article","og_title":"Our Story - herorage.com","og_description":"Nossa Hist\u00f3ria Sou gamer Como muitos de voc\u00eas, sempre adorei mergulhar em mundos virtuais, escapar da realidade, enfrentar desafios, criar lendas. Mas por tr\u00e1s de toda essa paix\u00e3o, havia algo que me atormentava constantemente: FPS baixo, quebras de imagem e quebras de desempenho que arruinavam por completo a minha experi\u00eancia.Culpava tudo: a minha placa gr\u00e1fica, [&hellip;]","og_url":"https:\/\/herorage.com\/?page_id=1994","og_site_name":"herorage.com","article_modified_time":"2025-06-27T15:26:57+00:00","twitter_card":"summary_large_image","twitter_misc":{"Est. reading time":"2 minutes"},"schema":{"@context":"https:\/\/schema.org","@graph":[{"@type":"WebPage","@id":"https:\/\/herorage.com\/?page_id=1994","url":"https:\/\/herorage.com\/?page_id=1994","name":"Our Story - herorage.com","isPartOf":{"@id":"https:\/\/herorage.com\/#website"},"datePublished":"2025-06-24T18:09:52+00:00","dateModified":"2025-06-27T15:26:57+00:00","breadcrumb":{"@id":"https:\/\/herorage.com\/?page_id=1994#breadcrumb"},"inLanguage":"en-US","potentialAction":[{"@type":"ReadAction","target":["https:\/\/herorage.com\/?page_id=1994"]}]},{"@type":"BreadcrumbList","@id":"https:\/\/herorage.com\/?page_id=1994#breadcrumb","itemListElement":[{"@type":"ListItem","position":1,"name":"Home","item":"https:\/\/herorage.com\/"},{"@type":"ListItem","position":2,"name":"Our Story"}]},{"@type":"WebSite","@id":"https:\/\/herorage.com\/#website","url":"https:\/\/herorage.com\/","name":"herorage.com","description":"","publisher":{"@id":"https:\/\/herorage.com\/#organization"},"potentialAction":[{"@type":"SearchAction","target":{"@type":"EntryPoint","urlTemplate":"https:\/\/herorage.com\/?s={search_term_string}"},"query-input":{"@type":"PropertyValueSpecification","valueRequired":true,"valueName":"search_term_string"}}],"inLanguage":"en-US"},{"@type":"Organization","@id":"https:\/\/herorage.com\/#organization","name":"herorage.com","url":"https:\/\/herorage.com\/","logo":{"@type":"ImageObject","inLanguage":"en-US","@id":"https:\/\/herorage.com\/#\/schema\/logo\/image\/","url":"https:\/\/herorage.com\/wp-content\/uploads\/2025\/06\/cropped-Incudrac_20250621_174847_0000-1-e1750874384475-1.png","contentUrl":"https:\/\/herorage.com\/wp-content\/uploads\/2025\/06\/cropped-Incudrac_20250621_174847_0000-1-e1750874384475-1.png","width":1269,"height":502,"caption":"herorage.com"},"image":{"@id":"https:\/\/herorage.com\/#\/schema\/logo\/image\/"}}]}},"uagb_featured_image_src":{"full":false,"thumbnail":false,"medium":false,"medium_large":false,"large":false,"1536x1536":false,"2048x2048":false,"ultp_layout_landscape_large":false,"ultp_layout_landscape":false,"ultp_layout_portrait":false,"ultp_layout_square":false,"bdfe-large-thumb":false,"bdfe-hero-slider-thumb":false,"tenweb_optimizer_mobile":false,"tenweb_optimizer_tablet":false},"uagb_author_info":{"display_name":"chakirbadr8@gmail.com","author_link":"https:\/\/herorage.com\/?author=1"},"uagb_comment_info":0,"uagb_excerpt":"Nossa Hist\u00f3ria Sou gamer Como muitos de voc\u00eas, sempre adorei mergulhar em mundos virtuais, escapar da realidade, enfrentar desafios, criar lendas. Mas por tr\u00e1s de toda essa paix\u00e3o, havia algo que me atormentava constantemente: FPS baixo, quebras de imagem e quebras de desempenho que arruinavam por completo a minha experi\u00eancia.Culpava tudo: a minha placa gr\u00e1fica,&hellip;","_links":{"self":[{"href":"https:\/\/herorage.com\/index.php?rest_route=\/wp\/v2\/pages\/1994","targetHints":{"allow":["GET"]}}],"collection":[{"href":"https:\/\/herorage.com\/index.php?rest_route=\/wp\/v2\/pages"}],"about":[{"href":"https:\/\/herorage.com\/index.php?rest_route=\/wp\/v2\/types\/page"}],"author":[{"embeddable":true,"href":"https:\/\/herorage.com\/index.php?rest_route=\/wp\/v2\/users\/1"}],"replies":[{"embeddable":true,"href":"https:\/\/herorage.com\/index.php?rest_route=%2Fwp%2Fv2%2Fcomments&post=1994"}],"version-history":[{"count":73,"href":"https:\/\/herorage.com\/index.php?rest_route=\/wp\/v2\/pages\/1994\/revisions"}],"predecessor-version":[{"id":2716,"href":"https:\/\/herorage.com\/index.php?rest_route=\/wp\/v2\/pages\/1994\/revisions\/2716"}],"wp:attachment":[{"href":"https:\/\/herorage.com\/index.php?rest_route=%2Fwp%2Fv2%2Fmedia&parent=1994"}],"curies":[{"name":"wp","href":"https:\/\/api.w.org\/{rel}","templated":true}]}}